{"id":59,"date":"2025-06-20T11:18:23","date_gmt":"2025-06-20T09:18:23","guid":{"rendered":"http:\/\/localhost\/intranet\/?page_id=59"},"modified":"2026-02-04T14:50:53","modified_gmt":"2026-02-04T13:50:53","slug":"inicio","status":"publish","type":"page","link":"http:\/\/intranet.samar.es\/","title":{"rendered":""},"content":{"rendered":"\t\t<div data-elementor-type=\"wp-page\" data-elementor-id=\"59\" class=\"elementor elementor-59\">\n\t\t\t\t<div class=\"elementor-element elementor-element-4800b8e e-flex e-con-boxed e-con e-parent\" data-id=\"4800b8e\" data-element_type=\"container\" data-e-type=\"container\">\n\t\t\t\t\t<div class=\"e-con-inner\">\n\t\t\t\t<div class=\"elementor-element elementor-element-309c077 elementor-widget elementor-widget-text-editor\" data-id=\"309c077\" data-element_type=\"widget\" data-e-type=\"widget\" data-widget_type=\"text-editor.default\">\n\t\t\t\t<div class=\"elementor-widget-container\">\n\t\t\t\t\t\t\t\t\t<center><\/center><h2>\u00bfQu\u00e9 es GDIS?<\/h2><p>GDIS son las siglas del\u00a0<strong>Gestor Documental en Intranet de Grupo Samar.\u00a0<\/strong>Recuerda que para poder utilizar GDIS debes ser trabajador de alguna de las empresas del GRUPO SAMAR.<\/p>\t\t\t\t\t\t\t\t<\/div>\n\t\t\t\t<\/div>\n\t\t\t\t\t<\/div>\n\t\t\t\t<\/div>\n\t\t<div class=\"elementor-element elementor-element-db6d1d1 e-flex e-con-boxed e-con e-parent\" data-id=\"db6d1d1\" data-element_type=\"container\" data-e-type=\"container\">\n\t\t\t\t\t<div class=\"e-con-inner\">\n\t\t\t\t<div class=\"elementor-element elementor-element-416c326 elementor-widget elementor-widget-spacer\" data-id=\"416c326\" data-element_type=\"widget\" data-e-type=\"widget\" data-widget_type=\"spacer.default\">\n\t\t\t\t<div class=\"elementor-widget-container\">\n\t\t\t\t\t\t\t<div class=\"elementor-spacer\">\n\t\t\t<div class=\"elementor-spacer-inner\"><\/div>\n\t\t<\/div>\n\t\t\t\t\t\t<\/div>\n\t\t\t\t<\/div>\n\t\t\t\t\t<\/div>\n\t\t\t\t<\/div>\n\t\t<div class=\"elementor-element elementor-element-800a875 e-flex e-con-boxed e-con e-parent\" data-id=\"800a875\" data-element_type=\"container\" data-e-type=\"container\">\n\t\t\t\t\t<div class=\"e-con-inner\">\n\t\t<div class=\"elementor-element elementor-element-30c87c8 e-con-full e-flex e-con e-child\" data-id=\"30c87c8\" data-element_type=\"container\" data-e-type=\"container\">\n\t\t\t\t<div class=\"elementor-element elementor-element-3217c16 elementor-widget elementor-widget-text-editor\" data-id=\"3217c16\" data-element_type=\"widget\" data-e-type=\"widget\" data-widget_type=\"text-editor.default\">\n\t\t\t\t<div class=\"elementor-widget-container\">\n\t\t\t\t\t\t\t\t\t<h2>\u00bfPara que sirve GDIS?<\/h2><p><br \/>GDIS es un sistema de comunicaci\u00f3n de documentaci\u00f3n oficial a los trabajadores. Con tus claves de acceso podr\u00e1s acceder a toda la documentaci\u00f3n requerida y en vigor para tu puesto profesional como trabajador del grupo.<\/p>\t\t\t\t\t\t\t\t<\/div>\n\t\t\t\t<\/div>\n\t\t\t\t<\/div>\n\t\t<div class=\"elementor-element elementor-element-bea3db2 e-con-full e-flex e-con e-child\" data-id=\"bea3db2\" data-element_type=\"container\" data-e-type=\"container\">\n\t\t\t\t<div class=\"elementor-element elementor-element-3401a7e elementor-widget elementor-widget-image\" data-id=\"3401a7e\" data-element_type=\"widget\" data-e-type=\"widget\" data-widget_type=\"image.default\">\n\t\t\t\t<div class=\"elementor-widget-container\">\n\t\t\t\t\t\t\t\t\t\t\t\t\t\t\t<img fetchpriority=\"high\" decoding=\"async\" width=\"300\" height=\"200\" src=\"http:\/\/intranet.samar.es\/wp-content\/uploads\/2025\/06\/288-300x200.jpg\" class=\"attachment-medium size-medium wp-image-80\" alt=\"intranet\" srcset=\"http:\/\/intranet.samar.es\/wp-content\/uploads\/2025\/06\/288-300x200.jpg 300w, http:\/\/intranet.samar.es\/wp-content\/uploads\/2025\/06\/288-768x512.jpg 768w, http:\/\/intranet.samar.es\/wp-content\/uploads\/2025\/06\/288.jpg 1000w\" sizes=\"(max-width: 300px) 100vw, 300px\" \/>\t\t\t\t\t\t\t\t\t\t\t\t\t\t\t<\/div>\n\t\t\t\t<\/div>\n\t\t\t\t<\/div>\n\t\t\t\t\t<\/div>\n\t\t\t\t<\/div>\n\t\t<div class=\"elementor-element elementor-element-0913607 e-flex e-con-boxed e-con e-parent\" data-id=\"0913607\" data-element_type=\"container\" data-e-type=\"container\">\n\t\t\t\t\t<div class=\"e-con-inner\">\n\t\t<div class=\"elementor-element elementor-element-bf53c73 e-con-full e-flex e-con e-child\" data-id=\"bf53c73\" data-element_type=\"container\" data-e-type=\"container\">\n\t\t\t\t<div class=\"elementor-element elementor-element-3cf4d8e elementor-widget elementor-widget-image\" data-id=\"3cf4d8e\" data-element_type=\"widget\" data-e-type=\"widget\" data-widget_type=\"image.default\">\n\t\t\t\t<div class=\"elementor-widget-container\">\n\t\t\t\t\t\t\t\t\t\t\t\t\t\t\t<img decoding=\"async\" width=\"300\" height=\"300\" src=\"http:\/\/intranet.samar.es\/wp-content\/uploads\/2026\/02\/399012495_f296ed8d-209e-4f0c-a4c9-f3deeb452d33-300x300.jpg\" class=\"attachment-medium size-medium wp-image-166\" alt=\"credenciales\" srcset=\"http:\/\/intranet.samar.es\/wp-content\/uploads\/2026\/02\/399012495_f296ed8d-209e-4f0c-a4c9-f3deeb452d33-300x300.jpg 300w, http:\/\/intranet.samar.es\/wp-content\/uploads\/2026\/02\/399012495_f296ed8d-209e-4f0c-a4c9-f3deeb452d33-1024x1024.jpg 1024w, http:\/\/intranet.samar.es\/wp-content\/uploads\/2026\/02\/399012495_f296ed8d-209e-4f0c-a4c9-f3deeb452d33-150x150.jpg 150w, http:\/\/intranet.samar.es\/wp-content\/uploads\/2026\/02\/399012495_f296ed8d-209e-4f0c-a4c9-f3deeb452d33-768x768.jpg 768w, http:\/\/intranet.samar.es\/wp-content\/uploads\/2026\/02\/399012495_f296ed8d-209e-4f0c-a4c9-f3deeb452d33-1536x1536.jpg 1536w, http:\/\/intranet.samar.es\/wp-content\/uploads\/2026\/02\/399012495_f296ed8d-209e-4f0c-a4c9-f3deeb452d33-2048x2048.jpg 2048w\" sizes=\"(max-width: 300px) 100vw, 300px\" \/>\t\t\t\t\t\t\t\t\t\t\t\t\t\t\t<\/div>\n\t\t\t\t<\/div>\n\t\t\t\t<\/div>\n\t\t<div class=\"elementor-element elementor-element-0da2f67 e-con-full e-flex e-con e-child\" data-id=\"0da2f67\" data-element_type=\"container\" data-e-type=\"container\">\n\t\t\t\t<div class=\"elementor-element elementor-element-9148c85 elementor-widget elementor-widget-text-editor\" data-id=\"9148c85\" data-element_type=\"widget\" data-e-type=\"widget\" data-widget_type=\"text-editor.default\">\n\t\t\t\t<div class=\"elementor-widget-container\">\n\t\t\t\t\t\t\t\t\t<h2>\u00bfC\u00f3mo funciona GDIS?<\/h2><div id=\"wdb_body-line\" class=\"clr\"><div id=\"wdb_body-structure\"><div id=\"wdb_body-bg\"><div id=\"wdb_body-left-only\"><div id=\"wdb_content\" class=\"clr\"><div class=\"item-page\"><p>La utilizaci\u00f3n del servicio GDIS es muy sencilla. Deber\u00e1s de disponer de credenciales autorizadas para el acceso al mismo. Si no dispones de credenciales autorizadas puedes solicitarlas en el departamento de recursos humanos.<\/p><p>Una vez las tengas, tan solo deber\u00e1s introducirlas en el apartado \u00abIDENTIFIQUESE EN EL SISTEMA\u00bb y una vez dentro dirigirte al men\u00fa superior y seleccionar el tipo de documentaci\u00f3n que deseas visualizar. Recuerda que el sistema solo mostrar\u00e1 la documentaci\u00f3n acorde a tu Perfil profesional.<\/p><center><\/center><\/div><\/div><\/div><\/div><\/div><\/div><div id=\"wdb_copy-line\" class=\"clr\"><div id=\"wdb_copy-structure\" class=\"wdb_show\">\u00a0<\/div><\/div>\t\t\t\t\t\t\t\t<\/div>\n\t\t\t\t<\/div>\n\t\t\t\t<\/div>\n\t\t\t\t\t<\/div>\n\t\t\t\t<\/div>\n\t\t\t\t<\/div>\n\t\t","protected":false},"excerpt":{"rendered":"","protected":false},"author":1,"featured_media":0,"parent":0,"menu_order":0,"comment_status":"closed","ping_status":"closed","template":"","meta":{"footnotes":""},"class_list":["post-59","page","type-page","status-publish","hentry"],"blocksy_meta":{"disable_header":"no","disable_featured_image":"no","disable_footer":"no","styles_descriptor":{"styles":{"desktop":"","tablet":"","mobile":""},"google_fonts":[],"version":6},"has_hero_section":"disabled"},"_links":{"self":[{"href":"http:\/\/intranet.samar.es\/index.php\/wp-json\/wp\/v2\/pages\/59","targetHints":{"allow":["GET"]}}],"collection":[{"href":"http:\/\/intranet.samar.es\/index.php\/wp-json\/wp\/v2\/pages"}],"about":[{"href":"http:\/\/intranet.samar.es\/index.php\/wp-json\/wp\/v2\/types\/page"}],"author":[{"embeddable":true,"href":"http:\/\/intranet.samar.es\/index.php\/wp-json\/wp\/v2\/users\/1"}],"replies":[{"embeddable":true,"href":"http:\/\/intranet.samar.es\/index.php\/wp-json\/wp\/v2\/comments?post=59"}],"version-history":[{"count":97,"href":"http:\/\/intranet.samar.es\/index.php\/wp-json\/wp\/v2\/pages\/59\/revisions"}],"predecessor-version":[{"id":194,"href":"http:\/\/intranet.samar.es\/index.php\/wp-json\/wp\/v2\/pages\/59\/revisions\/194"}],"wp:attachment":[{"href":"http:\/\/intranet.samar.es\/index.php\/wp-json\/wp\/v2\/media?parent=59"}],"curies":[{"name":"wp","href":"https:\/\/api.w.org\/{rel}","templated":true}]}}